{"id":3407,"date":"2022-06-13T11:52:34","date_gmt":"2022-06-13T11:52:34","guid":{"rendered":"https:\/\/victorvillarabogados.com\/?page_id=3407"},"modified":"2022-06-13T13:06:38","modified_gmt":"2022-06-13T13:06:38","slug":"politica-de-privacidad","status":"publish","type":"page","link":"https:\/\/victorvillarabogados.com\/en\/politica-de-privacidad","title":{"rendered":"Pol\u00edtica de privacidad"},"content":{"rendered":"<h6 class=\"p2\"><span class=\"s1\">1. Datos del Responsable del Tratamiento:<\/span><\/h6>\n<ul class=\"ul1\">\n<li class=\"li3\"><span class=\"s3\">Denominaci\u00f3n Social: V\u00cdCTOR MANUEL VILLAR MORA, en adelante, el \u201cresponsable\u201d.<\/span><\/li>\n<li class=\"li3\"><span class=\"s3\">Nombre Comercial: V\u00cdCTOR VILLAR ABOGADOS\u00a0<\/span><\/li>\n<li class=\"li3\"><span class=\"s3\">Domicilio Social: C\/ Metge Riera Pujol, bajo, 07800-Ibiza.\u00a0<\/span><\/li>\n<li class=\"li3\"><span class=\"s3\">NIF: 47259323-G\u00a0<\/span><\/li>\n<li class=\"li3\"><span class=\"s3\">Tel\u00e9fono: 609586273<\/span><\/li>\n<li class=\"li3\"><span class=\"s3\">Email:\u00a0info@victorvillarabogados.com<\/span><\/li>\n<\/ul>\n<h6 class=\"p6\"><span class=\"s1\">1.1. Normativa aplicable:<\/span><\/h6>\n<p class=\"p7\" style=\"text-align: justify;\"><span class=\"s1\">Nuestra Pol\u00edtica de Privacidad se ha dise\u00f1ado de acuerdo con el Reglamento General de Protecci\u00f3n de Datos de la UE 2016\/679 del Parlamento Europeo y del Consejo, de 27 de abril de 2016, relativo a la protecci\u00f3n de las personas f\u00edsicas en lo que respecta al tratamiento de datos personales y a la libre circulaci\u00f3n de estos datos y por el que se deroga la Directiva 95\/46\/CE (Reglamento general de protecci\u00f3n de datos), y la Ley Org\u00e1nica 3\/2018 del 5 de diciembre, de Protecci\u00f3n de Datos de Car\u00e1cter Personal y Garant\u00eda de los Derechos Digitales. Al facilitarnos sus datos, Usted declara haber le\u00eddo y conocer la presente Pol\u00edtica de Privacidad, prestando su consentimiento inequ\u00edvoco y expreso al tratamiento de sus datos personales de acuerdo a las finalidades y t\u00e9rminos aqu\u00ed expresados. El responsable podr\u00e1 modificar la presente Pol\u00edtica de Privacidad para adaptarla a las novedades legislativas, jurisprudenciales o de interpretaci\u00f3n de la Agencia Espa\u00f1ola de Protecci\u00f3n de Datos. Estas condiciones de privacidad podr\u00e1n ser complementadas por el Aviso Legal, Pol\u00edtica de Cookies y las Condiciones que, en su caso, se recojan para determinados productos o servicios, si dicho acceso supone alguna especialidad en materia de protecci\u00f3n de datos de car\u00e1cter personal.<\/span><\/p>\n<h6 class=\"p6\"><span class=\"s1\">1.2. Delegado de Protecci\u00f3n de Datos:<\/span><\/h6>\n<p class=\"p9\" style=\"text-align: justify;\"><span class=\"s1\">Queda designado como Delegado de Protecci\u00f3n de Datos D. V\u00edctor Manuel Villar Mora, cuyos datos constan en el encabezado de la presente pol\u00edtica de privacidad, pudiendo contactar con el mismo por los medios que figuran en tal encabezado.<\/span><\/p>\n<h6 class=\"p11\"><span class=\"s1\">2. Finalidad del Tratamiento de los Datos Personales:<\/span><\/h6>\n<p class=\"p7\"><span class=\"s1\">El tratamiento que realizamos de sus datos personales responde a las siguientes finalidades:<\/span><\/p>\n<p class=\"p9\" style=\"text-align: justify;\"><span class=\"s1\">Para la prestaci\u00f3n de los servicios profesionales jur\u00eddicos y en el marco de la abogac\u00eda, con asistencia letrada, en los asuntos judiciales y extrajudiciales que se encomienden, incluyendo la comunicaci\u00f3n con Usted, as\u00ed como la facturaci\u00f3n de nuestros honorarios, cobro y contabilizaci\u00f3n. Tambi\u00e9n, debe saber que toda la informaci\u00f3n que se le solicitar\u00e1 en el curso de esa relaci\u00f3n es necesaria para la correcta prestaci\u00f3n de los servicios contratados. La ocultaci\u00f3n de informaci\u00f3n o su no comunicaci\u00f3n por su parte puede tener incidencia sobre los resultados de nuestros servicios o la imposibilidad de prestar los mismos. Asimismo, se pueden utilizar sus datos personales para la tramitaci\u00f3n de autorizaciones o poderes con tal de poder realizar de forma correcta y completa la prestaci\u00f3n de servicios que Ud. llegue a encomendar.<\/span><\/p>\n<h6 class=\"p6\"><span class=\"s1\">2.1. Plazo de Conservaci\u00f3n de sus datos:<\/span><\/h6>\n<p class=\"p7\" style=\"text-align: justify;\"><span class=\"s1\">Conservaremos sus datos personales desde que nos d\u00e9 su consentimiento hasta que lo revoque o bien solicite la limitaci\u00f3n del tratamiento. En tales casos, mantendremos sus datos de manera bloqueada durante los plazos legalmente exigidos.<\/span><\/p>\n<h6 class=\"p11\"><span class=\"s1\">3. Legitimaci\u00f3n y Datos Recabados:<\/span><\/h6>\n<p class=\"p7\" style=\"text-align: justify;\"><span class=\"s1\">La legitimaci\u00f3n para el tratamiento de sus datos es el consentimiento expreso otorgado mediante un acto positivo y afirmativo\u00a0 en el momento de facilitarnos sus datos personales, rellenando los formularios existentes en la web as\u00ed como aceptando las pol\u00edticas de privacidad marcando las casillas correspondientes. Del mismo modo, tambi\u00e9n proceden de su facilitaci\u00f3n v\u00eda telem\u00e1tica por medio de correo electr\u00f3nico o verbalmente mediante comunicaci\u00f3n telef\u00f3nica d\u00f3nde comunique tales datos de forma voluntaria y proactiva.<\/span><\/p>\n<p class=\"p14\" style=\"text-align: justify;\"><span class=\"s1\">La legitimaci\u00f3n en el uso de sus datos personales procede asimismo, en relaci\u00f3n a los encargos que Ud. llegue a encomendar, de la relaci\u00f3n contractual establecida con usted (art\u00edculo 6.1.b del RGPD). Asimismo, el art\u00edculo 9.2.f) del RGPD, en relaci\u00f3n con el considerando (52) de dicha norma, legitima a tratar sin necesidad de solicitar su expreso consentimiento, datos pertenecientes a categor\u00edas especiales para la formulaci\u00f3n, el ejercicio o la defensa de reclamaciones, ya sea por procedimiento judicial o un procedimiento administrativo o extrajudicial. <\/span><span class=\"s1\">Por su parte, el art\u00edculo 10.3 de la LOPD legitima el tratamiento por parte del abogado, para la prestaci\u00f3n de sus servicios, de datos referidos a condenas e infracciones penales. En el mismo sentido, el art\u00edculo 27 de la LOPD legitima al abogado para tratar datos referidos a infracciones y sanciones administrativas.<\/span><\/p>\n<h6 class=\"p6\"><span class=\"s1\">3.1. Consentimiento para tratar sus datos:<\/span><\/h6>\n<p class=\"p7\" style=\"text-align: justify;\"><span class=\"s1\">Al rellenar los formularios, marcar la casilla \u201cAcepto la Pol\u00edtica de Privacidad\u201d y hacer clic para enviar los datos, o al remitir correos electr\u00f3nicos al responsable a trav\u00e9s de las cuentas habilitadas al efecto, el Usuario manifiesta haber le\u00eddo y aceptado expresamente la presente pol\u00edtica de privacidad, y otorga su consentimiento inequ\u00edvoco y expreso al tratamiento de sus datos personales conforme a las finalidades indicadas.<\/span><\/p>\n<h6 class=\"p6\"><span class=\"s1\">3.2. Categor\u00edas de datos:<\/span><\/h6>\n<p class=\"p9\" style=\"text-align: justify;\"><span class=\"s1\">Los datos que Ud. deba facilitar depender\u00e1n de la naturaleza del encargo, en su caso, el cual, es posible que incluya categor\u00edas de datos especiales, siempre y cuando sean expl\u00edcitamente necesarios para el correcto desarrollo de la prestaci\u00f3n de servicios, absteni\u00e9ndose el responsable de su conocimiento, manejo, utilizaci\u00f3n y gesti\u00f3n siempre que sea posible. A tal efecto, se informa que dentro de la categor\u00eda de datos especiales pueden llegar a incluirse: datos personales que revelen el origen \u00e9tnico o racial, las opiniones pol\u00edticas, las convicciones religiosas o filos\u00f3ficas, o la afiliaci\u00f3n sindical, y el tratamiento de datos gen\u00e9ticos, datos biom\u00e9tricos dirigidos a identificar de manera un\u00edvoca a una persona f\u00edsica, datos relativos a la salud o datos relativos a cuestiones sexuales de una persona f\u00edsica. Expresamente se le advierte de que, conforme establece el art\u00edculo 16 de la Constituci\u00f3n espa\u00f1ola, no est\u00e1 obligado a declarar sobre su ideolog\u00eda, religi\u00f3n o creencias.<\/span><\/p>\n<h6 class=\"p11\"><span class=\"s1\">4. Medidas de Seguridad:<\/span><\/h6>\n<p class=\"p7\" style=\"text-align: justify;\"><span class=\"s1\">Dentro de nuestro compromiso por garantizar la seguridad y confidencialidad de sus datos de car\u00e1cter personal, le informamos que se han adoptado las medidas de \u00edndole t\u00e9cnica y organizativas necesarias para garantizar la seguridad de los datos de car\u00e1cter personal y evitar su alteraci\u00f3n, p\u00e9rdida, tratamiento o acceso no autorizado, habida cuenta del estado de la tecnolog\u00eda, la naturaleza de los datos almacenados y los riesgos a que est\u00e9n expuestos, seg\u00fan el Art. 32 del RGPD EU 679\/2016.<\/span><\/p>\n<h6 class=\"p11\"><span class=\"s1\">5. Cesi\u00f3n de Datos:<\/span><\/h6>\n<p class=\"p7\" style=\"text-align: justify;\"><span class=\"s1\">No se prev\u00e9n cesiones de datos ni transferencias internacionales de sus datos, a excepci\u00f3n de las autorizadas por la legislaci\u00f3n fiscal, mercantil y de telecomunicaciones a excepci\u00f3n de tres supuestos, siempre y cuando medie encargo por parte del usuario-cliente: a) cuando sea necesario para la prestaci\u00f3n del servicio contratado, lo que incluye, a t\u00edtulo de ejemplo; Administraci\u00f3n de Justicia; Administraci\u00f3n p\u00fablica; Notar\u00edas; Registros p\u00fablicos; contrapartes, incluyendo sus respectivos abogados y procuradores, etc\u2026; b) cuando sea necesario para el cumplimiento por nuestra parte de obligaciones legales, como pueden ser las de car\u00e1cter tributario; y c) cuando sea necesario para el cobro de nuestros honorarios.<\/span><\/p>\n<h6 class=\"p11\"><span class=\"s1\">6. Derechos del Usuario:<\/span><\/h6>\n<p class=\"p7\" style=\"text-align: justify;\"><span class=\"s1\">Cualquier interesado tiene derecho a obtener confirmaci\u00f3n sobre si estamos tratando datos personales que le conciernan, o no. Las personas interesadas tienen derecho a acceder a sus datos personales, as\u00ed como a solicitar la rectificaci\u00f3n de los datos inexactos o, en su caso, solicitar su supresi\u00f3n cuando, entre otros motivos, los datos ya no sean necesarios para los fines que fueron recogidos. En determinadas circunstancias, los interesados podr\u00e1n solicitar la limitaci\u00f3n del tratamiento de sus datos, en cuyo caso \u00fanicamente los conservaremos para el ejercicio o la defensa de reclamaciones. Por motivos relacionados con su situaci\u00f3n particular, los interesados podr\u00e1n oponerse al tratamiento de sus datos. El Responsable del fichero dejar\u00e1 de tratar los datos, salvo por motivos leg\u00edtimos imperiosos, o el ejercicio o la defensa de posibles reclamaciones. De acuerdo con la legislaci\u00f3n vigente tiene los siguientes derechos: derecho a solicitar el acceso a sus datos personales, derecho a solicitar su rectificaci\u00f3n o supresi\u00f3n, derecho a solicitar la limitaci\u00f3n de su tratamiento, derecho a oponerse al tratamiento, derecho a la portabilidad de los datos y as\u00ed mismo, a revocar el consentimiento otorgado. Asimismo, tiene derecho a presentar una reclamaci\u00f3n ante la Agencia Espa\u00f1ola de Protecci\u00f3n de Datos.<\/span><\/p>\n<h6 class=\"p6\"><span class=\"s1\">6.1. Forma de ejercicio de derechos:<\/span><\/h6>\n<p class=\"p7\" style=\"text-align: justify;\"><span class=\"s1\">Para ejercer sus derechos, debe dirigirse al responsable, solicitando el correspondiente formulario para el ejercicio del derecho elegido. Opcionalmente, puede acudir a la Autoridad de Control competente para obtener informaci\u00f3n adicional acerca de sus derechos. Los datos de contacto para el ejercicio de sus derechos son el tel\u00e9fono <span class=\"s3\">609586273<\/span><\/span><span class=\"s1\">\u00a0y el correo electr\u00f3nico:\u00a0<\/span><span class=\"s4\">info@victorvillarabogados.com, tal y como figuran en el encabezado<\/span><span class=\"s1\">. Recuerde acompa\u00f1ar una copia de un documento que nos permita identificarle.Con car\u00e1cter general, la normativa le reconoce los derechos de acceso, rectificaci\u00f3n, supresi\u00f3n, oposici\u00f3n, limitaci\u00f3n del tratamiento y portabilidad, que podr\u00e1 ejercitar frente a este despacho en los supuestos previstos en la normativa, mediante solicitud acompa\u00f1ada de copia de documento oficial de identidad, que podr\u00e1 remitir a la direcci\u00f3n postal o electr\u00f3nica indicadas en el primer apartado de esta informaci\u00f3n. Igualmente, si no est\u00e1 conforme con el tratamiento de sus datos que realiza este despacho puede usted presentar una reclamaci\u00f3n ante la Agencia Espa\u00f1ola de Protecci\u00f3n de Datos.<\/span><\/p>\n<h6 class=\"p11\"><span class=\"s1\">7. Consentimiento para env\u00edo de Comunicaciones Electr\u00f3nicas:<\/span><\/h6>\n<p class=\"p7\" style=\"text-align: justify;\"><span class=\"s1\">As\u00ed mismo, y de acuerdo con lo establecido en la Ley 34\/2002, de 11 de julio, de Servicios de la Sociedad de la Informaci\u00f3n y del Comercio Electr\u00f3nico, completando el formulario de recogida de datos y marcando la correspondiente casilla \u201cAcepto el env\u00edo de comunicaciones electr\u00f3nicas\u201d, est\u00e1 otorgando el consentimiento expreso para enviarle a su direcci\u00f3n de correo electr\u00f3nico, tel\u00e9fono, fax u otro medio electr\u00f3nico en env\u00edo de informaci\u00f3n acerca del responsable.<\/span><\/p>","protected":false},"excerpt":{"rendered":"<p>1. Datos del Responsable del Tratamiento: Denominaci\u00f3n Social: V\u00cdCTOR MANUEL VILLAR MORA, en adelante, el \u201cresponsable\u201d. Nombre Comercial: V\u00cdCTOR VILLAR ABOGADOS\u00a0 Domicilio Social: C\/ Metge Riera Pujol, bajo, 07800-Ibiza.\u00a0 NIF: 47259323-G\u00a0 Tel\u00e9fono: 609586273 Email:\u00a0info@victorvillarabogados.com 1.1. Normativa aplicable: Nuestra Pol\u00edtica de Privacidad se ha dise\u00f1ado de acuerdo con el Reglamento General de Protecci\u00f3n de Datos de [&hellip;]<\/p>\n","protected":false},"author":1,"featured_media":0,"parent":0,"menu_order":0,"comment_status":"closed","ping_status":"closed","template":"","meta":{"site-sidebar-layout":"default","site-content-layout":"","ast-site-content-layout":"default","site-content-style":"default","site-sidebar-style":"default","ast-global-header-display":"","ast-banner-title-visibility":"","ast-main-header-display":"","ast-hfb-above-header-display":"","ast-hfb-below-header-display":"","ast-hfb-mobile-header-display":"","site-post-title":"","ast-breadcrumbs-content":"","ast-featured-img":"","footer-sml-layout":"","ast-disable-related-posts":"","theme-transparent-header-meta":"","adv-header-id-meta":"","stick-header-meta":"","header-above-stick-meta":"","header-main-stick-meta":"","header-below-stick-meta":"","astra-migrate-meta-layouts":"default","ast-page-background-enabled":"default","ast-page-background-meta":{"desktop":{"background-color":"","background-image":"","background-repeat":"repeat","background-position":"center center","background-size":"auto","background-attachment":"scroll","background-type":"","background-media":"","overlay-type":"","overlay-color":"","overlay-opacity":"","overlay-gradient":""},"tablet":{"background-color":"","background-image":"","background-repeat":"repeat","background-position":"center center","background-size":"auto","background-attachment":"scroll","background-type":"","background-media":"","overlay-type":"","overlay-color":"","overlay-opacity":"","overlay-gradient":""},"mobile":{"background-color":"","background-image":"","background-repeat":"repeat","background-position":"center center","background-size":"auto","background-attachment":"scroll","background-type":"","background-media":"","overlay-type":"","overlay-color":"","overlay-opacity":"","overlay-gradient":""}},"ast-content-background-meta":{"desktop":{"background-color":"var(--ast-global-color-5)","background-image":"","background-repeat":"repeat","background-position":"center center","background-size":"auto","background-attachment":"scroll","background-type":"","background-media":"","overlay-type":"","overlay-color":"","overlay-opacity":"","overlay-gradient":""},"tablet":{"background-color":"var(--ast-global-color-5)","background-image":"","background-repeat":"repeat","background-position":"center center","background-size":"auto","background-attachment":"scroll","background-type":"","background-media":"","overlay-type":"","overlay-color":"","overlay-opacity":"","overlay-gradient":""},"mobile":{"background-color":"var(--ast-global-color-5)","background-image":"","background-repeat":"repeat","background-position":"center center","background-size":"auto","background-attachment":"scroll","background-type":"","background-media":"","overlay-type":"","overlay-color":"","overlay-opacity":"","overlay-gradient":""}},"footnotes":""},"class_list":["post-3407","page","type-page","status-publish","hentry"],"yoast_head":"<!-- This site is optimized with the Yoast SEO plugin v25.6 - https:\/\/yoast.com\/wordpress\/plugins\/seo\/ -->\n<title>Pol\u00edtica de privacidad | V\u00edctor Villar Abogados<\/title>\n<meta name=\"robots\" content=\"index, follow, max-snippet:-1, max-image-preview:large, max-video-preview:-1\" \/>\n<link rel=\"canonical\" href=\"https:\/\/victorvillarabogados.com\/en\/politica-de-privacidad\/\" \/>\n<meta property=\"og:locale\" content=\"en_GB\" \/>\n<meta property=\"og:type\" content=\"article\" \/>\n<meta property=\"og:title\" content=\"Pol\u00edtica de privacidad | V\u00edctor Villar Abogados\" \/>\n<meta property=\"og:description\" content=\"1. Datos del Responsable del Tratamiento: Denominaci\u00f3n Social: V\u00cdCTOR MANUEL VILLAR MORA, en adelante, el \u201cresponsable\u201d. Nombre Comercial: V\u00cdCTOR VILLAR ABOGADOS\u00a0 Domicilio Social: C\/ Metge Riera Pujol, bajo, 07800-Ibiza.\u00a0 NIF: 47259323-G\u00a0 Tel\u00e9fono: 609586273 Email:\u00a0info@victorvillarabogados.com 1.1. Normativa aplicable: Nuestra Pol\u00edtica de Privacidad se ha dise\u00f1ado de acuerdo con el Reglamento General de Protecci\u00f3n de Datos de [&hellip;]\" \/>\n<meta property=\"og:url\" content=\"https:\/\/victorvillarabogados.com\/en\/politica-de-privacidad\/\" \/>\n<meta property=\"og:site_name\" content=\"V\u00edctor Villar Abogados\" \/>\n<meta property=\"article:modified_time\" content=\"2022-06-13T13:06:38+00:00\" \/>\n<meta name=\"twitter:card\" content=\"summary_large_image\" \/>\n<meta name=\"twitter:label1\" content=\"Estimated reading time\" \/>\n\t<meta name=\"twitter:data1\" content=\"8 minutes\" \/>\n<script type=\"application\/ld+json\" class=\"yoast-schema-graph\">{\"@context\":\"https:\/\/schema.org\",\"@graph\":[{\"@type\":\"WebPage\",\"@id\":\"https:\/\/victorvillarabogados.com\/politica-de-privacidad\",\"url\":\"https:\/\/victorvillarabogados.com\/politica-de-privacidad\",\"name\":\"Pol\u00edtica de privacidad | V\u00edctor Villar Abogados\",\"isPartOf\":{\"@id\":\"https:\/\/victorvillarabogados.com\/#website\"},\"datePublished\":\"2022-06-13T11:52:34+00:00\",\"dateModified\":\"2022-06-13T13:06:38+00:00\",\"breadcrumb\":{\"@id\":\"https:\/\/victorvillarabogados.com\/politica-de-privacidad#breadcrumb\"},\"inLanguage\":\"en-GB\",\"potentialAction\":[{\"@type\":\"ReadAction\",\"target\":[\"https:\/\/victorvillarabogados.com\/politica-de-privacidad\"]}]},{\"@type\":\"BreadcrumbList\",\"@id\":\"https:\/\/victorvillarabogados.com\/politica-de-privacidad#breadcrumb\",\"itemListElement\":[{\"@type\":\"ListItem\",\"position\":1,\"name\":\"Portada\",\"item\":\"https:\/\/victorvillarabogados.com\/\"},{\"@type\":\"ListItem\",\"position\":2,\"name\":\"Pol\u00edtica de privacidad\"}]},{\"@type\":\"WebSite\",\"@id\":\"https:\/\/victorvillarabogados.com\/#website\",\"url\":\"https:\/\/victorvillarabogados.com\/\",\"name\":\"V\u00edctor Villar Abogados\",\"description\":\"Despacho de abogados dedicado al Derecho Civil, Derecho Laboral y Contratos en Ibiza.\",\"publisher\":{\"@id\":\"https:\/\/victorvillarabogados.com\/#organization\"},\"potentialAction\":[{\"@type\":\"SearchAction\",\"target\":{\"@type\":\"EntryPoint\",\"urlTemplate\":\"https:\/\/victorvillarabogados.com\/?s={search_term_string}\"},\"query-input\":{\"@type\":\"PropertyValueSpecification\",\"valueRequired\":true,\"valueName\":\"search_term_string\"}}],\"inLanguage\":\"en-GB\"},{\"@type\":\"Organization\",\"@id\":\"https:\/\/victorvillarabogados.com\/#organization\",\"name\":\"V\u00edctor Villar Abogados\",\"url\":\"https:\/\/victorvillarabogados.com\/\",\"logo\":{\"@type\":\"ImageObject\",\"inLanguage\":\"en-GB\",\"@id\":\"https:\/\/victorvillarabogados.com\/#\/schema\/logo\/image\/\",\"url\":\"https:\/\/victorvillarabogados.com\/wp-content\/uploads\/2022\/04\/cropped-cropped-LOGO.jpg\",\"contentUrl\":\"https:\/\/victorvillarabogados.com\/wp-content\/uploads\/2022\/04\/cropped-cropped-LOGO.jpg\",\"width\":320,\"height\":172,\"caption\":\"V\u00edctor Villar Abogados\"},\"image\":{\"@id\":\"https:\/\/victorvillarabogados.com\/#\/schema\/logo\/image\/\"}}]}<\/script>\n<!-- \/ Yoast SEO plugin. -->","yoast_head_json":{"title":"Pol\u00edtica de privacidad | V\u00edctor Villar Abogados","robots":{"index":"index","follow":"follow","max-snippet":"max-snippet:-1","max-image-preview":"max-image-preview:large","max-video-preview":"max-video-preview:-1"},"canonical":"https:\/\/victorvillarabogados.com\/en\/politica-de-privacidad\/","og_locale":"en_GB","og_type":"article","og_title":"Pol\u00edtica de privacidad | V\u00edctor Villar Abogados","og_description":"1. Datos del Responsable del Tratamiento: Denominaci\u00f3n Social: V\u00cdCTOR MANUEL VILLAR MORA, en adelante, el \u201cresponsable\u201d. Nombre Comercial: V\u00cdCTOR VILLAR ABOGADOS\u00a0 Domicilio Social: C\/ Metge Riera Pujol, bajo, 07800-Ibiza.\u00a0 NIF: 47259323-G\u00a0 Tel\u00e9fono: 609586273 Email:\u00a0info@victorvillarabogados.com 1.1. Normativa aplicable: Nuestra Pol\u00edtica de Privacidad se ha dise\u00f1ado de acuerdo con el Reglamento General de Protecci\u00f3n de Datos de [&hellip;]","og_url":"https:\/\/victorvillarabogados.com\/en\/politica-de-privacidad\/","og_site_name":"V\u00edctor Villar Abogados","article_modified_time":"2022-06-13T13:06:38+00:00","twitter_card":"summary_large_image","twitter_misc":{"Estimated reading time":"8 minutes"},"schema":{"@context":"https:\/\/schema.org","@graph":[{"@type":"WebPage","@id":"https:\/\/victorvillarabogados.com\/politica-de-privacidad","url":"https:\/\/victorvillarabogados.com\/politica-de-privacidad","name":"Pol\u00edtica de privacidad | V\u00edctor Villar Abogados","isPartOf":{"@id":"https:\/\/victorvillarabogados.com\/#website"},"datePublished":"2022-06-13T11:52:34+00:00","dateModified":"2022-06-13T13:06:38+00:00","breadcrumb":{"@id":"https:\/\/victorvillarabogados.com\/politica-de-privacidad#breadcrumb"},"inLanguage":"en-GB","potentialAction":[{"@type":"ReadAction","target":["https:\/\/victorvillarabogados.com\/politica-de-privacidad"]}]},{"@type":"BreadcrumbList","@id":"https:\/\/victorvillarabogados.com\/politica-de-privacidad#breadcrumb","itemListElement":[{"@type":"ListItem","position":1,"name":"Portada","item":"https:\/\/victorvillarabogados.com\/"},{"@type":"ListItem","position":2,"name":"Pol\u00edtica de privacidad"}]},{"@type":"WebSite","@id":"https:\/\/victorvillarabogados.com\/#website","url":"https:\/\/victorvillarabogados.com\/","name":"V\u00edctor Villar Abogados","description":"Despacho de abogados dedicado al Derecho Civil, Derecho Laboral y Contratos en Ibiza.","publisher":{"@id":"https:\/\/victorvillarabogados.com\/#organization"},"potentialAction":[{"@type":"SearchAction","target":{"@type":"EntryPoint","urlTemplate":"https:\/\/victorvillarabogados.com\/?s={search_term_string}"},"query-input":{"@type":"PropertyValueSpecification","valueRequired":true,"valueName":"search_term_string"}}],"inLanguage":"en-GB"},{"@type":"Organization","@id":"https:\/\/victorvillarabogados.com\/#organization","name":"V\u00edctor Villar Abogados","url":"https:\/\/victorvillarabogados.com\/","logo":{"@type":"ImageObject","inLanguage":"en-GB","@id":"https:\/\/victorvillarabogados.com\/#\/schema\/logo\/image\/","url":"https:\/\/victorvillarabogados.com\/wp-content\/uploads\/2022\/04\/cropped-cropped-LOGO.jpg","contentUrl":"https:\/\/victorvillarabogados.com\/wp-content\/uploads\/2022\/04\/cropped-cropped-LOGO.jpg","width":320,"height":172,"caption":"V\u00edctor Villar Abogados"},"image":{"@id":"https:\/\/victorvillarabogados.com\/#\/schema\/logo\/image\/"}}]}},"_links":{"self":[{"href":"https:\/\/victorvillarabogados.com\/en\/wp-json\/wp\/v2\/pages\/3407"}],"collection":[{"href":"https:\/\/victorvillarabogados.com\/en\/wp-json\/wp\/v2\/pages"}],"about":[{"href":"https:\/\/victorvillarabogados.com\/en\/wp-json\/wp\/v2\/types\/page"}],"author":[{"embeddable":true,"href":"https:\/\/victorvillarabogados.com\/en\/wp-json\/wp\/v2\/users\/1"}],"replies":[{"embeddable":true,"href":"https:\/\/victorvillarabogados.com\/en\/wp-json\/wp\/v2\/comments?post=3407"}],"version-history":[{"count":6,"href":"https:\/\/victorvillarabogados.com\/en\/wp-json\/wp\/v2\/pages\/3407\/revisions"}],"predecessor-version":[{"id":3424,"href":"https:\/\/victorvillarabogados.com\/en\/wp-json\/wp\/v2\/pages\/3407\/revisions\/3424"}],"wp:attachment":[{"href":"https:\/\/victorvillarabogados.com\/en\/wp-json\/wp\/v2\/media?parent=3407"}],"curies":[{"name":"wp","href":"https:\/\/api.w.org\/{rel}","templated":true}]}}